{"id":3507,"date":"2019-02-21T20:25:23","date_gmt":"2019-02-21T19:25:23","guid":{"rendered":"https:\/\/gluecks-routen.de\/?page_id=3507"},"modified":"2019-07-31T10:43:29","modified_gmt":"2019-07-31T08:43:29","slug":"long-distance-bike-paths","status":"publish","type":"page","link":"https:\/\/gluecks-routen.de\/en\/long-distance-bike-paths\/","title":{"rendered":"Long-distance bike paths"},"content":{"rendered":"<div class=\"wpb-content-wrapper\">[mk_page_section bg_image=&#8221;https:\/\/gluecks-routen.de\/wp-content\/uploads\/2019\/04\/radfernwege-ueberblick-kopfbild-c-gdm-fotograf-kratz-1.jpg&#8221; bg_image_portrait=&#8221;https:\/\/gluecks-routen.de\/wp-content\/uploads\/2019\/02\/radfernwege_ueberblick_2zu3.jpg&#8221; bg_position=&#8221;center top&#8221; bg_repeat=&#8221;no-repeat&#8221; bg_stretch=&#8221;true&#8221; min_height=&#8221;600&#8243; full_width=&#8221;true&#8221; margin_bottom=&#8221;35&#8243; skip_arrow=&#8221;true&#8221; sidebar=&#8221;sidebar-1&#8243;][vc_column][\/vc_column][\/mk_page_section][vc_row][vc_column width=&#8221;1\/6&#8243;][\/vc_column][vc_column width=&#8221;2\/3&#8243;][vc_custom_heading text=&#8221;Across Europe on long-distance bike paths.&#8221; font_container=&#8221;tag:h1|text_align:left&#8221;][vc_column_text css=&#8221;.vc_custom_1564562901353{margin-bottom: 0px !important;}&#8221;]As many as four long-distance bike paths run right through Gl\u00fcckstadt. And on the bike paths along the Elbe and the North Sea coast, you\u2019re literally only a stone\u2019s throw away from the big ships. Following the course of the Elbe, the path crosses the marshlands of the Elbmarschen, one of the most beautiful landscapes in Northern Germany. The M\u00f6nchsweg (Monks\u2019 Trail) is one of the most recently built long-distance bike paths. The route leads from Gl\u00fcckstadt to Fehmarn, and therefore through all the various kinds of landscape that Schleswig-Holstein has to offer. The long-distance path Deutsche F\u00e4hrstra\u00dfe (German Ferries Route) is not only a feast for hardened technology fans: on the long-distance path from Kiel to Bremerv\u00f6rde, which was designed for not only (but also) cyclists, visitors are provided with nearly every conceivable method of crossing a stretch of water. Fun and excitement guaranteed![\/vc_column_text][\/vc_column][vc_column width=&#8221;1\/6&#8243;][\/vc_column][\/vc_row][vc_row css=&#8221;.vc_custom_1550927795538{margin-bottom: 55px !important;padding-top: 35px !important;}&#8221;][vc_column][vc_basic_grid post_type=&#8221;post&#8221; max_items=&#8221;-1&#8243; order=&#8221;ASC&#8221; item=&#8221;3517&#8243; grid_id=&#8221;vc_gid:1564562914018-3a8633fd-b8ea-8&#8243; taxonomies=&#8221;31&#8243;][\/vc_column][\/vc_row]<\/div>","protected":false},"excerpt":{"rendered":"<p>Radfernwege f\u00fchren Sie von Tschechien, \u00fcber D\u00e4nemark und Norwegen, quer durch Europa bis auf die Shetland Inseln. \u201eAls Blindtext wird Text bezeichnet, den man bei der Gestaltung von Publikationen verwendet, wenn der eigentliche Text &#8230;&#8221;<\/p>\n","protected":false},"author":2,"featured_media":0,"parent":0,"menu_order":0,"comment_status":"closed","ping_status":"closed","template":"","meta":{"_acf_changed":false,"footnotes":""},"class_list":["post-3507","page","type-page","status-publish","hentry"],"acf":[],"_links":{"self":[{"href":"https:\/\/gluecks-routen.de\/en\/wp-json\/wp\/v2\/pages\/3507","targetHints":{"allow":["GET"]}}],"collection":[{"href":"https:\/\/gluecks-routen.de\/en\/wp-json\/wp\/v2\/pages"}],"about":[{"href":"https:\/\/gluecks-routen.de\/en\/wp-json\/wp\/v2\/types\/page"}],"author":[{"embeddable":true,"href":"https:\/\/gluecks-routen.de\/en\/wp-json\/wp\/v2\/users\/2"}],"replies":[{"embeddable":true,"href":"https:\/\/gluecks-routen.de\/en\/wp-json\/wp\/v2\/comments?post=3507"}],"version-history":[{"count":0,"href":"https:\/\/gluecks-routen.de\/en\/wp-json\/wp\/v2\/pages\/3507\/revisions"}],"wp:attachment":[{"href":"https:\/\/gluecks-routen.de\/en\/wp-json\/wp\/v2\/media?parent=3507"}],"curies":[{"name":"wp","href":"https:\/\/api.w.org\/{rel}","templated":true}]}}